{"id":1974,"date":"2024-09-16T16:13:11","date_gmt":"2024-09-16T16:13:11","guid":{"rendered":"https:\/\/medblue.com\/?page_id=1974"},"modified":"2025-01-23T17:18:16","modified_gmt":"2025-01-23T17:18:16","slug":"formulario-de-adhesion-a-la-red-de-proveedores-sanitarios","status":"publish","type":"page","link":"https:\/\/medblue.com\/es\/join-healthcare-providers-network-form\/","title":{"rendered":"Proveedores sanitarios | Formulario"},"content":{"rendered":"<div data-elementor-type=\"wp-page\" data-elementor-id=\"1974\" class=\"elementor elementor-1974\" data-elementor-post-type=\"page\">\n\t\t\t\t<div class=\"elementor-element elementor-element-47dfe2d e-flex e-con-boxed e-con e-parent\" data-id=\"47dfe2d\" data-element_type=\"container\" data-e-type=\"container\" id=\"fromprovider\">\n\t\t\t\t\t<div class=\"e-con-inner\">\n\t\t\t\t<div class=\"elementor-element elementor-element-1dadaba elementor-widget elementor-widget-heading\" data-id=\"1dadaba\" data-element_type=\"widget\" data-e-type=\"widget\" data-widget_type=\"heading.default\">\n\t\t\t\t<div class=\"elementor-widget-container\">\n\t\t\t\t\t<h2 class=\"elementor-heading-title elementor-size-default\">Red de proveedores exclusivos Medblue.<\/h2>\t\t\t\t<\/div>\n\t\t\t\t<\/div>\n\t\t\t\t\t<\/div>\n\t\t\t\t<\/div>\n\t\t<div class=\"elementor-element elementor-element-26d41e3 e-flex e-con-boxed e-con e-parent\" data-id=\"26d41e3\" data-element_type=\"container\" data-e-type=\"container\">\n\t\t\t\t\t<div class=\"e-con-inner\">\n\t\t<div class=\"elementor-element elementor-element-a469660 e-con-full e-flex e-con e-child\" data-id=\"a469660\" data-element_type=\"container\" data-e-type=\"container\">\n\t\t<div class=\"elementor-element elementor-element-70eec72 e-con-full e-flex e-con e-child\" data-id=\"70eec72\" data-element_type=\"container\" data-e-type=\"container\">\n\t\t\t\t<div class=\"elementor-element elementor-element-a8269d3 elementor-widget elementor-widget-image\" data-id=\"a8269d3\" data-element_type=\"widget\" data-e-type=\"widget\" data-settings=\"{&quot;_animation&quot;:&quot;none&quot;}\" data-widget_type=\"image.default\">\n\t\t\t\t<div class=\"elementor-widget-container\">\n\t\t\t\t\t\t\t\t\t\t\t\t\t\t\t<img decoding=\"async\" width=\"128\" height=\"128\" src=\"https:\/\/medblue.com\/wp-content\/uploads\/2025\/01\/cash-flow.png\" class=\"attachment-large size-large wp-image-2526\" alt=\"\" \/>\t\t\t\t\t\t\t\t\t\t\t\t\t\t\t<\/div>\n\t\t\t\t<\/div>\n\t\t\t\t<div class=\"elementor-element elementor-element-4bf7212 elementor-widget__width-initial elementor-widget-mobile__width-initial elementor-widget elementor-widget-text-editor\" data-id=\"4bf7212\" data-element_type=\"widget\" data-e-type=\"widget\" data-widget_type=\"text-editor.default\">\n\t\t\t\t<div class=\"elementor-widget-container\">\n\t\t\t\t\t\t\t\t\t<h2 style=\"font-family: 'Playfair Display', serif; font-size: 23px; color: #244255; font-weight: 900;\">Aumentar la tesorer\u00eda al instante<\/h2>\n<p style=\"font-family: 'Montserrat', sans-serif; font-size: 15px; font-weight: 500; color: #757575;\"><span style=\"font-weight: 400;\">Se acabaron los retrasos en los pagos: nuestros pacientes de pago por cuenta propia abonan la asistencia con su tarjeta de d\u00e9bito o cr\u00e9dito en la misma fecha del servicio o tratamiento.<\/span><\/p>\t\t\t\t\t\t\t\t<\/div>\n\t\t\t\t<\/div>\n\t\t\t\t<\/div>\n\t\t<div class=\"elementor-element elementor-element-9630d6e e-con-full e-flex e-con e-child\" data-id=\"9630d6e\" data-element_type=\"container\" data-e-type=\"container\">\n\t\t\t\t<div class=\"elementor-element elementor-element-70860d5 elementor-widget elementor-widget-image\" data-id=\"70860d5\" data-element_type=\"widget\" data-e-type=\"widget\" data-settings=\"{&quot;_animation&quot;:&quot;none&quot;}\" data-widget_type=\"image.default\">\n\t\t\t\t<div class=\"elementor-widget-container\">\n\t\t\t\t\t\t\t\t\t\t\t\t\t\t\t<img decoding=\"async\" width=\"128\" height=\"128\" src=\"https:\/\/medblue.com\/wp-content\/uploads\/2025\/01\/wallet.png\" class=\"attachment-large size-large wp-image-2525\" alt=\"\" \/>\t\t\t\t\t\t\t\t\t\t\t\t\t\t\t<\/div>\n\t\t\t\t<\/div>\n\t\t\t\t<div class=\"elementor-element elementor-element-27c8db8 elementor-widget__width-initial elementor-widget-mobile__width-initial elementor-widget elementor-widget-text-editor\" data-id=\"27c8db8\" data-element_type=\"widget\" data-e-type=\"widget\" data-widget_type=\"text-editor.default\">\n\t\t\t\t<div class=\"elementor-widget-container\">\n\t\t\t\t\t\t\t\t\t<h2 style=\"font-family: 'Playfair Display', serif; font-size: 23px; color: #244255; font-weight: 900;\">Se acabaron las denegaciones de seguros<\/h2>\n<p style=\"font-family: 'Montserrat', sans-serif; font-size: 15px; font-weight: 500; color: #757575;\"><span style=\"font-weight: 400;\">Los afiliados a Medblue simplemente pagan los honorarios contratados y no es necesaria la aprobaci\u00f3n del seguro para ofrecer una atenci\u00f3n excelente.<\/span><\/p>\t\t\t\t\t\t\t\t<\/div>\n\t\t\t\t<\/div>\n\t\t\t\t<\/div>\n\t\t<div class=\"elementor-element elementor-element-18ab1c9 e-con-full e-flex e-con e-child\" data-id=\"18ab1c9\" data-element_type=\"container\" data-e-type=\"container\">\n\t\t\t\t<div class=\"elementor-element elementor-element-b329031 elementor-widget elementor-widget-image\" data-id=\"b329031\" data-element_type=\"widget\" data-e-type=\"widget\" data-settings=\"{&quot;_animation&quot;:&quot;none&quot;}\" data-widget_type=\"image.default\">\n\t\t\t\t<div class=\"elementor-widget-container\">\n\t\t\t\t\t\t\t\t\t\t\t\t\t\t\t<img decoding=\"async\" width=\"128\" height=\"128\" src=\"https:\/\/medblue.com\/wp-content\/uploads\/2025\/01\/patient.png\" class=\"attachment-large size-large wp-image-2527\" alt=\"\" \/>\t\t\t\t\t\t\t\t\t\t\t\t\t\t\t<\/div>\n\t\t\t\t<\/div>\n\t\t\t\t<div class=\"elementor-element elementor-element-d4ddcaf elementor-widget__width-initial elementor-widget-mobile__width-initial elementor-widget elementor-widget-text-editor\" data-id=\"d4ddcaf\" data-element_type=\"widget\" data-e-type=\"widget\" data-widget_type=\"text-editor.default\">\n\t\t\t\t<div class=\"elementor-widget-container\">\n\t\t\t\t\t\t\t\t\t<h2 style=\"font-family: 'Playfair Display', serif; font-size: 23px; color: #244255; font-weight: 900;\">M\u00e1s pacientes, inversi\u00f3n cero<\/h2>\n<p style=\"font-family: 'Montserrat', sans-serif; font-size: 15px; font-weight: 500; color: #757575;\"><span style=\"font-weight: 400;\">Mantenga activo su perfil y le enviaremos pacientes. No necesita marketing, solo un flujo constante de nuevas oportunidades.<\/span><\/p>\t\t\t\t\t\t\t\t<\/div>\n\t\t\t\t<\/div>\n\t\t\t\t<\/div>\n\t\t\t\t<\/div>\n\t\t<div class=\"elementor-element elementor-element-750fc2a e-con-full e-flex e-con e-child\" data-id=\"750fc2a\" data-element_type=\"container\" data-e-type=\"container\">\n\t\t\t\t<div class=\"elementor-element elementor-element-9c828dc elementor-widget elementor-widget-html\" data-id=\"9c828dc\" data-element_type=\"widget\" data-e-type=\"widget\" data-widget_type=\"html.default\">\n\t\t\t\t<div class=\"elementor-widget-container\">\n\t\t\t\t\t<iframe\r\n  src=\"https:\/\/link.medblue.com\/widget\/form\/fjf7Y5kI6gefzio2oYSb\"\r\n  style=\"width:100%;height:100%;border:none;border-radius:20px\"\r\n  id=\"inline-fjf7Y5kI6gefzio2oYSb\" \r\n  data-layout=\"{'id':'INLINE'}\"\r\n  data-trigger-type=\"alwaysShow\"\r\n  data-trigger-value=\"\"\r\n  data-activation-type=\"alwaysActivated\"\r\n  data-activation-value=\"\"\r\n  data-deactivation-type=\"neverDeactivate\"\r\n  data-deactivation-value=\"\"\r\n  data-form-name=\"Practice Form \"\r\n  data-height=\"789\"\r\n  data-layout-iframe-id=\"inline-fjf7Y5kI6gefzio2oYSb\"\r\n  data-form-id=\"fjf7Y5kI6gefzio2oYSb\"\r\n  title=\"Formulario de pr\u00e1cticas \"\r\n      >\r\n<\/iframe>\r\n<script src=\"https:\/\/link.medblue.com\/js\/form_embed.js\"><\/script>\t\t\t\t<\/div>\n\t\t\t\t<\/div>\n\t\t\t\t<\/div>\n\t\t\t\t\t<\/div>\n\t\t\t\t<\/div>\n\t\t<div class=\"elementor-element elementor-element-565741e e-flex e-con-boxed e-con e-parent\" data-id=\"565741e\" data-element_type=\"container\" data-e-type=\"container\" data-settings=\"{&quot;background_background&quot;:&quot;classic&quot;}\">\n\t\t\t\t\t<div class=\"e-con-inner\">\n\t\t\t\t<div class=\"elementor-element elementor-element-542acb6 elementor-widget elementor-widget-heading\" data-id=\"542acb6\" data-element_type=\"widget\" data-e-type=\"widget\" data-widget_type=\"heading.default\">\n\t\t\t\t<div class=\"elementor-widget-container\">\n\t\t\t\t\t<h2 class=\"elementor-heading-title elementor-size-default\">\u00bfPor qu\u00e9 hacerse proveedor de Medblue?\n<\/h2>\t\t\t\t<\/div>\n\t\t\t\t<\/div>\n\t\t\t\t\t<\/div>\n\t\t\t\t<\/div>\n\t\t<div class=\"elementor-element elementor-element-e2d98ce e-flex e-con-boxed e-con e-parent\" data-id=\"e2d98ce\" data-element_type=\"container\" data-e-type=\"container\" data-settings=\"{&quot;background_background&quot;:&quot;classic&quot;}\">\n\t\t\t\t\t<div class=\"e-con-inner\">\n\t\t<div class=\"elementor-element elementor-element-b891173 e-con-full e-flex e-con e-child\" data-id=\"b891173\" data-element_type=\"container\" data-e-type=\"container\">\n\t\t\t\t<div class=\"elementor-element elementor-element-b4e1a7d elementor-widget elementor-widget-image\" data-id=\"b4e1a7d\" data-element_type=\"widget\" data-e-type=\"widget\" data-widget_type=\"image.default\">\n\t\t\t\t<div class=\"elementor-widget-container\">\n\t\t\t\t\t\t\t\t\t\t\t\t\t\t\t<img loading=\"lazy\" decoding=\"async\" width=\"1024\" height=\"683\" src=\"https:\/\/medblue.com\/wp-content\/uploads\/2024\/12\/freepik-export-20241218050320I8hh-1024x683.jpeg\" class=\"attachment-large size-large wp-image-2502\" alt=\"\" srcset=\"https:\/\/medblue.com\/wp-content\/uploads\/2024\/12\/freepik-export-20241218050320I8hh-1024x683.jpeg 1024w, https:\/\/medblue.com\/wp-content\/uploads\/2024\/12\/freepik-export-20241218050320I8hh-300x200.jpeg 300w, https:\/\/medblue.com\/wp-content\/uploads\/2024\/12\/freepik-export-20241218050320I8hh-768x512.jpeg 768w, https:\/\/medblue.com\/wp-content\/uploads\/2024\/12\/freepik-export-20241218050320I8hh.jpeg 1500w\" sizes=\"(max-width: 1024px) 100vw, 1024px\" \/>\t\t\t\t\t\t\t\t\t\t\t\t\t\t\t<\/div>\n\t\t\t\t<\/div>\n\t\t\t\t<\/div>\n\t\t<div class=\"elementor-element elementor-element-9826cd2 e-con-full e-flex e-con e-child\" data-id=\"9826cd2\" data-element_type=\"container\" data-e-type=\"container\">\n\t\t\t\t<div class=\"elementor-element elementor-element-c2abe3d elementor-widget__width-initial elementor-widget-tablet__width-initial elementor-widget elementor-widget-text-editor\" data-id=\"c2abe3d\" data-element_type=\"widget\" data-e-type=\"widget\" data-widget_type=\"text-editor.default\">\n\t\t\t\t<div class=\"elementor-widget-container\">\n\t\t\t\t\t\t\t\t\t<p><b>M\u00e1s flujo de caja para su consulta<\/b><\/p><p><span style=\"font-weight: 400;\">No tendr\u00e1 que esperar para cobrar. Todos nuestros pacientes autopagan su asistencia antes de la cita. Todo este proceso es transparente para ambas partes y se simplifica en nuestra plataforma f\u00e1cil de usar.<\/span><\/p><p><b>Pagos seguros<\/b><\/p><p><span style=\"font-weight: 400;\">Nuestra plataforma le ofrece transparencia y seguridad. Los pacientes conocer\u00e1n tus tarifas de antemano y pagar\u00e1n con su tarjeta de d\u00e9bito o cr\u00e9dito en el momento de la cita. <\/span><\/p><p><b>M\u00e1s pacientes sin inversi\u00f3n<\/b><\/p><p><span style=\"font-weight: 400;\">Mientras su perfil se mantenga activo y actualizado, recibir\u00e1 pacientes que busquen sus servicios. No tendr\u00e1 que perseguir interacciones ni invertir en marketing. Ser\u00e1 una fuente de pacientes que encaja perfectamente con lo que tienes actualmente.<\/span><\/p>\t\t\t\t\t\t\t\t<\/div>\n\t\t\t\t<\/div>\n\t\t\t\t<div class=\"elementor-element elementor-element-d3d28c9 elementor-align-center elementor-mobile-align-center elementor-widget elementor-widget-button\" data-id=\"d3d28c9\" data-element_type=\"widget\" data-e-type=\"widget\" data-widget_type=\"button.default\">\n\t\t\t\t<div class=\"elementor-widget-container\">\n\t\t\t\t\t\t\t\t\t<div class=\"elementor-button-wrapper\">\n\t\t\t\t\t<a class=\"elementor-button elementor-button-link elementor-size-sm\" href=\"#fromprovider\">\n\t\t\t\t\t\t<span class=\"elementor-button-content-wrapper\">\n\t\t\t\t\t\t\t\t\t<span class=\"elementor-button-text\">\u00danase como proveedor<\/span>\n\t\t\t\t\t<\/span>\n\t\t\t\t\t<\/a>\n\t\t\t\t<\/div>\n\t\t\t\t\t\t\t\t<\/div>\n\t\t\t\t<\/div>\n\t\t\t\t<\/div>\n\t\t\t\t\t<\/div>\n\t\t\t\t<\/div>\n\t\t<div class=\"elementor-element elementor-element-bc2337d e-flex e-con-boxed e-con e-parent\" data-id=\"bc2337d\" data-element_type=\"container\" data-e-type=\"container\">\n\t\t\t\t\t<div class=\"e-con-inner\">\n\t\t\t\t<div class=\"elementor-element elementor-element-7477501 elementor-widget elementor-widget-heading\" data-id=\"7477501\" data-element_type=\"widget\" data-e-type=\"widget\" data-widget_type=\"heading.default\">\n\t\t\t\t<div class=\"elementor-widget-container\">\n\t\t\t\t\t<h2 class=\"elementor-heading-title elementor-size-default\">Gestione su perfil con facilidad<\/h2>\t\t\t\t<\/div>\n\t\t\t\t<\/div>\n\t\t\t\t<div class=\"elementor-element elementor-element-52e5a1f elementor-widget elementor-widget-text-editor\" data-id=\"52e5a1f\" data-element_type=\"widget\" data-e-type=\"widget\" data-widget_type=\"text-editor.default\">\n\t\t\t\t<div class=\"elementor-widget-container\">\n\t\t\t\t\t\t\t\t\t<p><span style=\"font-weight: 400;\">Nuestro portal en l\u00ednea le permite<\/span><\/p>\t\t\t\t\t\t\t\t<\/div>\n\t\t\t\t<\/div>\n\t\t\t\t\t<\/div>\n\t\t\t\t<\/div>\n\t\t<div class=\"elementor-element elementor-element-0524ac2 e-grid e-con-boxed e-con e-parent\" data-id=\"0524ac2\" data-element_type=\"container\" data-e-type=\"container\">\n\t\t\t\t\t<div class=\"e-con-inner\">\n\t\t<div class=\"elementor-element elementor-element-8e91249 e-con-full e-flex e-con e-child\" data-id=\"8e91249\" data-element_type=\"container\" data-e-type=\"container\">\n\t\t\t\t<div class=\"elementor-element elementor-element-bbbbba6 elementor-widget elementor-widget-image\" data-id=\"bbbbba6\" data-element_type=\"widget\" data-e-type=\"widget\" data-widget_type=\"image.default\">\n\t\t\t\t<div class=\"elementor-widget-container\">\n\t\t\t\t\t\t\t\t\t\t\t\t\t\t\t<img loading=\"lazy\" decoding=\"async\" width=\"512\" height=\"512\" src=\"https:\/\/medblue.com\/wp-content\/uploads\/2024\/12\/user-info.png\" class=\"attachment-full size-full wp-image-2505\" alt=\"\" srcset=\"https:\/\/medblue.com\/wp-content\/uploads\/2024\/12\/user-info.png 512w, https:\/\/medblue.com\/wp-content\/uploads\/2024\/12\/user-info-300x300.png 300w, https:\/\/medblue.com\/wp-content\/uploads\/2024\/12\/user-info-150x150.png 150w\" sizes=\"(max-width: 512px) 100vw, 512px\" \/>\t\t\t\t\t\t\t\t\t\t\t\t\t\t\t<\/div>\n\t\t\t\t<\/div>\n\t\t\t\t<div class=\"elementor-element elementor-element-b6e22f0 elementor-widget elementor-widget-icon-box\" data-id=\"b6e22f0\" data-element_type=\"widget\" data-e-type=\"widget\" data-widget_type=\"icon-box.default\">\n\t\t\t\t<div class=\"elementor-widget-container\">\n\t\t\t\t\t\t\t<div class=\"elementor-icon-box-wrapper\">\n\n\t\t\t\n\t\t\t\t\t\t<div class=\"elementor-icon-box-content\">\n\n\t\t\t\t\n\t\t\t\t\t\t\t\t\t<p class=\"elementor-icon-box-description\">\n\t\t\t\t\t\tA\u00f1ada informaci\u00f3n sobre los proveedores, como fotos y biograf\u00edas.\t\t\t\t\t<\/p>\n\t\t\t\t\n\t\t\t<\/div>\n\t\t\t\n\t\t<\/div>\n\t\t\t\t\t\t<\/div>\n\t\t\t\t<\/div>\n\t\t\t\t<\/div>\n\t\t<div class=\"elementor-element elementor-element-e03933d e-con-full e-flex e-con e-child\" data-id=\"e03933d\" data-element_type=\"container\" data-e-type=\"container\">\n\t\t\t\t<div class=\"elementor-element elementor-element-09abf8b elementor-widget elementor-widget-image\" data-id=\"09abf8b\" data-element_type=\"widget\" data-e-type=\"widget\" data-widget_type=\"image.default\">\n\t\t\t\t<div class=\"elementor-widget-container\">\n\t\t\t\t\t\t\t\t\t\t\t\t\t\t\t<img loading=\"lazy\" decoding=\"async\" width=\"512\" height=\"512\" src=\"https:\/\/medblue.com\/wp-content\/uploads\/2024\/12\/experienc.png\" class=\"attachment-full size-full wp-image-2504\" alt=\"\" srcset=\"https:\/\/medblue.com\/wp-content\/uploads\/2024\/12\/experienc.png 512w, https:\/\/medblue.com\/wp-content\/uploads\/2024\/12\/experienc-300x300.png 300w, https:\/\/medblue.com\/wp-content\/uploads\/2024\/12\/experienc-150x150.png 150w\" sizes=\"(max-width: 512px) 100vw, 512px\" \/>\t\t\t\t\t\t\t\t\t\t\t\t\t\t\t<\/div>\n\t\t\t\t<\/div>\n\t\t\t\t<div class=\"elementor-element elementor-element-d244447 elementor-widget elementor-widget-icon-box\" data-id=\"d244447\" data-element_type=\"widget\" data-e-type=\"widget\" data-widget_type=\"icon-box.default\">\n\t\t\t\t<div class=\"elementor-widget-container\">\n\t\t\t\t\t\t\t<div class=\"elementor-icon-box-wrapper\">\n\n\t\t\t\n\t\t\t\t\t\t<div class=\"elementor-icon-box-content\">\n\n\t\t\t\t\n\t\t\t\t\t\t\t\t\t<p class=\"elementor-icon-box-description\">\n\t\t\t\t\t\tMostrar im\u00e1genes de pr\u00e1cticas y a\u00f1os de experiencia.\n\t\t\t\t\t<\/p>\n\t\t\t\t\n\t\t\t<\/div>\n\t\t\t\n\t\t<\/div>\n\t\t\t\t\t\t<\/div>\n\t\t\t\t<\/div>\n\t\t\t\t<\/div>\n\t\t<div class=\"elementor-element elementor-element-287e6fe e-con-full e-flex e-con e-child\" data-id=\"287e6fe\" data-element_type=\"container\" data-e-type=\"container\">\n\t\t\t\t<div class=\"elementor-element elementor-element-2a087fa elementor-widget elementor-widget-image\" data-id=\"2a087fa\" data-element_type=\"widget\" data-e-type=\"widget\" data-widget_type=\"image.default\">\n\t\t\t\t<div class=\"elementor-widget-container\">\n\t\t\t\t\t\t\t\t\t\t\t\t\t\t\t<img loading=\"lazy\" decoding=\"async\" width=\"512\" height=\"512\" src=\"https:\/\/medblue.com\/wp-content\/uploads\/2024\/12\/provider-training.png\" class=\"attachment-full size-full wp-image-2503\" alt=\"\" srcset=\"https:\/\/medblue.com\/wp-content\/uploads\/2024\/12\/provider-training.png 512w, https:\/\/medblue.com\/wp-content\/uploads\/2024\/12\/provider-training-300x300.png 300w, https:\/\/medblue.com\/wp-content\/uploads\/2024\/12\/provider-training-150x150.png 150w\" sizes=\"(max-width: 512px) 100vw, 512px\" \/>\t\t\t\t\t\t\t\t\t\t\t\t\t\t\t<\/div>\n\t\t\t\t<\/div>\n\t\t\t\t<div class=\"elementor-element elementor-element-7fc394f elementor-widget elementor-widget-icon-box\" data-id=\"7fc394f\" data-element_type=\"widget\" data-e-type=\"widget\" data-widget_type=\"icon-box.default\">\n\t\t\t\t<div class=\"elementor-widget-container\">\n\t\t\t\t\t\t\t<div class=\"elementor-icon-box-wrapper\">\n\n\t\t\t\n\t\t\t\t\t\t<div class=\"elementor-icon-box-content\">\n\n\t\t\t\t\n\t\t\t\t\t\t\t\t\t<p class=\"elementor-icon-box-description\">\n\t\t\t\t\t\tDestacar la formaci\u00f3n y las especialidades para atraer a m\u00e1s pacientes.\t\t\t\t\t<\/p>\n\t\t\t\t\n\t\t\t<\/div>\n\t\t\t\n\t\t<\/div>\n\t\t\t\t\t\t<\/div>\n\t\t\t\t<\/div>\n\t\t\t\t<\/div>\n\t\t\t\t\t<\/div>\n\t\t\t\t<\/div>\n\t\t<div class=\"elementor-element elementor-element-a6f1ffb e-flex e-con-boxed e-con e-parent\" data-id=\"a6f1ffb\" data-element_type=\"container\" data-e-type=\"container\">\n\t\t\t\t\t<div class=\"e-con-inner\">\n\t\t<div class=\"elementor-element elementor-element-9b19538 e-con-full e-flex e-con e-child\" data-id=\"9b19538\" data-element_type=\"container\" data-e-type=\"container\">\n\t\t\t\t<div class=\"elementor-element elementor-element-1d2228f elementor-widget elementor-widget-heading\" data-id=\"1d2228f\" data-element_type=\"widget\" data-e-type=\"widget\" data-widget_type=\"heading.default\">\n\t\t\t\t<div class=\"elementor-widget-container\">\n\t\t\t\t\t<h2 class=\"elementor-heading-title elementor-size-default\">Empiece hoy mismo a ampliar su consulta<\/h2>\t\t\t\t<\/div>\n\t\t\t\t<\/div>\n\t\t\t\t<div class=\"elementor-element elementor-element-460fef8 elementor-widget elementor-widget-text-editor\" data-id=\"460fef8\" data-element_type=\"widget\" data-e-type=\"widget\" data-widget_type=\"text-editor.default\">\n\t\t\t\t<div class=\"elementor-widget-container\">\n\t\t\t\t\t\t\t\t\t<p><span style=\"font-weight: 400;\">Ofrezca una atenci\u00f3n f\u00e1cil, asequible y completa mientras ahorra tiempo y ampl\u00eda su base de pacientes.<\/span><\/p>\t\t\t\t\t\t\t\t<\/div>\n\t\t\t\t<\/div>\n\t\t\t\t<div class=\"elementor-element elementor-element-c8e8ffd elementor-align-center elementor-mobile-align-center elementor-widget elementor-widget-button\" data-id=\"c8e8ffd\" data-element_type=\"widget\" data-e-type=\"widget\" data-widget_type=\"button.default\">\n\t\t\t\t<div class=\"elementor-widget-container\">\n\t\t\t\t\t\t\t\t\t<div class=\"elementor-button-wrapper\">\n\t\t\t\t\t<a class=\"elementor-button elementor-button-link elementor-size-sm\" href=\"#fromprovider\">\n\t\t\t\t\t\t<span class=\"elementor-button-content-wrapper\">\n\t\t\t\t\t\t\t\t\t<span class=\"elementor-button-text\">\u00danase como proveedor<\/span>\n\t\t\t\t\t<\/span>\n\t\t\t\t\t<\/a>\n\t\t\t\t<\/div>\n\t\t\t\t\t\t\t\t<\/div>\n\t\t\t\t<\/div>\n\t\t\t\t<\/div>\n\t\t\t\t\t<\/div>\n\t\t\t\t<\/div>\n\t\t\t\t<\/div>","protected":false},"excerpt":{"rendered":"<p>Medblue Exclusive Provider Network. Boost Cash Flow Instantly No more payment delays\u2014our self-pay patients pay for care using their debit [&hellip;]<\/p>\n","protected":false},"author":17,"featured_media":0,"parent":0,"menu_order":0,"comment_status":"closed","ping_status":"closed","template":"","meta":{"inline_featured_image":false,"site-sidebar-layout":"no-sidebar","site-content-layout":"","ast-site-content-layout":"full-width-container","site-content-style":"default","site-sidebar-style":"default","ast-global-header-display":"","ast-banner-title-visibility":"","ast-main-header-display":"","ast-hfb-above-header-display":"","ast-hfb-below-header-display":"","ast-hfb-mobile-header-display":"","site-post-title":"disabled","ast-breadcrumbs-content":"","ast-featured-img":"disabled","footer-sml-layout":"","ast-disable-related-posts":"","theme-transparent-header-meta":"default","adv-header-id-meta":"","stick-header-meta":"","header-above-stick-meta":"","header-main-stick-meta":"","header-below-stick-meta":"","astra-migrate-meta-layouts":"set","ast-page-background-enabled":"default","ast-page-background-meta":{"desktop":{"background-color":"var(--ast-global-color-4)","background-image":"","background-repeat":"repeat","background-position":"center center","background-size":"auto","background-attachment":"scroll","background-type":"","background-media":"","overlay-type":"","overlay-color":"","overlay-opacity":"","overlay-gradient":""},"tablet":{"background-color":"","background-image":"","background-repeat":"repeat","background-position":"center center","background-size":"auto","background-attachment":"scroll","background-type":"","background-media":"","overlay-type":"","overlay-color":"","overlay-opacity":"","overlay-gradient":""},"mobile":{"background-color":"","background-image":"","background-repeat":"repeat","background-position":"center center","background-size":"auto","background-attachment":"scroll","background-type":"","background-media":"","overlay-type":"","overlay-color":"","overlay-opacity":"","overlay-gradient":""}},"ast-content-background-meta":{"desktop":{"background-color":"var(--ast-global-color-5)","background-image":"","background-repeat":"repeat","background-position":"center center","background-size":"auto","background-attachment":"scroll","background-type":"","background-media":"","overlay-type":"","overlay-color":"","overlay-opacity":"","overlay-gradient":""},"tablet":{"background-color":"var(--ast-global-color-5)","background-image":"","background-repeat":"repeat","background-position":"center center","background-size":"auto","background-attachment":"scroll","background-type":"","background-media":"","overlay-type":"","overlay-color":"","overlay-opacity":"","overlay-gradient":""},"mobile":{"background-color":"var(--ast-global-color-5)","background-image":"","background-repeat":"repeat","background-position":"center center","background-size":"auto","background-attachment":"scroll","background-type":"","background-media":"","overlay-type":"","overlay-color":"","overlay-opacity":"","overlay-gradient":""}},"footnotes":""},"class_list":["post-1974","page","type-page","status-publish","hentry"],"_links":{"self":[{"href":"https:\/\/medblue.com\/es\/wp-json\/wp\/v2\/pages\/1974","targetHints":{"allow":["GET"]}}],"collection":[{"href":"https:\/\/medblue.com\/es\/wp-json\/wp\/v2\/pages"}],"about":[{"href":"https:\/\/medblue.com\/es\/wp-json\/wp\/v2\/types\/page"}],"author":[{"embeddable":true,"href":"https:\/\/medblue.com\/es\/wp-json\/wp\/v2\/users\/17"}],"replies":[{"embeddable":true,"href":"https:\/\/medblue.com\/es\/wp-json\/wp\/v2\/comments?post=1974"}],"version-history":[{"count":0,"href":"https:\/\/medblue.com\/es\/wp-json\/wp\/v2\/pages\/1974\/revisions"}],"wp:attachment":[{"href":"https:\/\/medblue.com\/es\/wp-json\/wp\/v2\/media?parent=1974"}],"curies":[{"name":"wp","href":"https:\/\/api.w.org\/{rel}","templated":true}]}}