{"id":2089,"date":"2024-10-23T22:49:50","date_gmt":"2024-10-23T22:49:50","guid":{"rendered":"https:\/\/medblue.com\/?page_id=2089"},"modified":"2024-10-24T13:24:24","modified_gmt":"2024-10-24T13:24:24","slug":"agente-sanitario-new-health-partners","status":"publish","type":"page","link":"https:\/\/medblue.com\/es\/healthcare-broker-form-new-health-partners\/","title":{"rendered":"Broker sanitario Nuevo formulario de socios sanitarios"},"content":{"rendered":"<div data-elementor-type=\"wp-page\" data-elementor-id=\"2089\" class=\"elementor elementor-2089\" data-elementor-post-type=\"page\">\n\t\t\t\t<div class=\"elementor-element elementor-element-a714182 e-flex e-con-boxed e-con e-parent\" data-id=\"a714182\" data-element_type=\"container\" data-e-type=\"container\" id=\"formbroker\">\n\t\t\t\t\t<div class=\"e-con-inner\">\n\t\t<div class=\"elementor-element elementor-element-98a647d e-con-full elementor-hidden-tablet elementor-hidden-mobile e-flex e-con e-child\" data-id=\"98a647d\" data-element_type=\"container\" data-e-type=\"container\">\n\t\t\t\t<\/div>\n\t\t<div class=\"elementor-element elementor-element-34ff0a1 e-con-full e-flex e-con e-child\" data-id=\"34ff0a1\" data-element_type=\"container\" data-e-type=\"container\">\n\t\t\t\t<div class=\"elementor-element elementor-element-fdb4a42 elementor-widget__width-inherit elementor-widget elementor-widget-html\" data-id=\"fdb4a42\" data-element_type=\"widget\" data-e-type=\"widget\" data-widget_type=\"html.default\">\n\t\t\t\t<div class=\"elementor-widget-container\">\n\t\t\t\t\t<iframe\n  src=\"https:\/\/api.leadconnectorhq.com\/widget\/form\/aGmTkS8zgWNif5fxtZrr\"\n  style=\"width:100%;height:100%;border:none;border-radius:20px\"\n  id=\"inline-aGmTkS8zgWNif5fxtZrr\" \n  data-layout=\"{'id':'INLINE'}\"\n  data-trigger-type=\"alwaysShow\"\n  data-trigger-value=\"\"\n  data-activation-type=\"alwaysActivated\"\n  data-activation-value=\"\"\n  data-deactivation-type=\"neverDeactivate\"\n  data-deactivation-value=\"\"\n  data-form-name=\"New Health Partners Form - FMO\"\n  data-height=\"647\"\n  data-layout-iframe-id=\"inline-aGmTkS8zgWNif5fxtZrr\"\n  data-form-id=\"aGmTkS8zgWNif5fxtZrr\"\n  title=\"Formulario para nuevos socios sanitarios - FMO\"\n      >\n<\/iframe>\n<script src=\"https:\/\/link.msgsndr.com\/js\/form_embed.js\"><\/script>\t\t\t\t<\/div>\n\t\t\t\t<\/div>\n\t\t\t\t<\/div>\n\t\t<div class=\"elementor-element elementor-element-927dd67 e-con-full elementor-hidden-tablet elementor-hidden-mobile e-flex e-con e-child\" data-id=\"927dd67\" data-element_type=\"container\" data-e-type=\"container\">\n\t\t\t\t<\/div>\n\t\t\t\t\t<\/div>\n\t\t\t\t<\/div>\n\t\t<div class=\"elementor-element elementor-element-c9fcf26 e-flex e-con-boxed e-con e-parent\" data-id=\"c9fcf26\" data-element_type=\"container\" data-e-type=\"container\" data-settings=\"{&quot;background_background&quot;:&quot;classic&quot;}\">\n\t\t\t\t\t<div class=\"e-con-inner\">\n\t\t\t\t<div class=\"elementor-element elementor-element-4cc47b1 elementor-widget elementor-widget-heading\" data-id=\"4cc47b1\" data-element_type=\"widget\" data-e-type=\"widget\" data-widget_type=\"heading.default\">\n\t\t\t\t<div class=\"elementor-widget-container\">\n\t\t\t\t\t<h2 class=\"elementor-heading-title elementor-size-default\">\u00bfPor qu\u00e9 ser agente de Medblue?<\/h2>\t\t\t\t<\/div>\n\t\t\t\t<\/div>\n\t\t\t\t\t<\/div>\n\t\t\t\t<\/div>\n\t\t<div class=\"elementor-element elementor-element-851a7a4 e-flex e-con-boxed e-con e-parent\" data-id=\"851a7a4\" data-element_type=\"container\" data-e-type=\"container\" data-settings=\"{&quot;background_background&quot;:&quot;classic&quot;}\">\n\t\t\t\t\t<div class=\"e-con-inner\">\n\t\t<div class=\"elementor-element elementor-element-84f9d80 e-con-full e-flex e-con e-child\" data-id=\"84f9d80\" data-element_type=\"container\" data-e-type=\"container\">\n\t\t\t\t<div class=\"elementor-element elementor-element-504f84a elementor-widget elementor-widget-image\" data-id=\"504f84a\" data-element_type=\"widget\" data-e-type=\"widget\" data-widget_type=\"image.default\">\n\t\t\t\t<div class=\"elementor-widget-container\">\n\t\t\t\t\t\t\t\t\t\t\t\t\t\t\t<img fetchpriority=\"high\" decoding=\"async\" width=\"1024\" height=\"683\" src=\"https:\/\/medblue.com\/wp-content\/uploads\/2024\/09\/broker-home-banner-1024x683.jpg\" class=\"attachment-large size-large wp-image-1845\" alt=\"Agente sanitario\" srcset=\"https:\/\/medblue.com\/wp-content\/uploads\/2024\/09\/broker-home-banner-1024x683.jpg 1024w, https:\/\/medblue.com\/wp-content\/uploads\/2024\/09\/broker-home-banner-300x200.jpg 300w, https:\/\/medblue.com\/wp-content\/uploads\/2024\/09\/broker-home-banner-768x512.jpg 768w, https:\/\/medblue.com\/wp-content\/uploads\/2024\/09\/broker-home-banner-1536x1024.jpg 1536w, https:\/\/medblue.com\/wp-content\/uploads\/2024\/09\/broker-home-banner-2048x1365.jpg 2048w\" sizes=\"(max-width: 1024px) 100vw, 1024px\" \/>\t\t\t\t\t\t\t\t\t\t\t\t\t\t\t<\/div>\n\t\t\t\t<\/div>\n\t\t\t\t<\/div>\n\t\t<div class=\"elementor-element elementor-element-20b917e e-con-full e-flex e-con e-child\" data-id=\"20b917e\" data-element_type=\"container\" data-e-type=\"container\">\n\t\t\t\t<div class=\"elementor-element elementor-element-214f434 elementor-widget__width-initial elementor-widget-tablet__width-initial elementor-widget elementor-widget-text-editor\" data-id=\"214f434\" data-element_type=\"widget\" data-e-type=\"widget\" data-widget_type=\"text-editor.default\">\n\t\t\t\t<div class=\"elementor-widget-container\">\n\t\t\t\t\t\t\t\t\t<p><strong>Mayor retenci\u00f3n de clientes<\/strong><\/p><p>Aceptamos a todo el mundo, independientemente de su edad, situaci\u00f3n econ\u00f3mica, parentesco, sexo o estatus migratorio. Si su cliente no califica para un plan de ACA, calificar\u00e1n para un plan de Medblue.<\/p><p><strong>Las comisiones m\u00e1s altas del sector<\/strong><\/p><p>Reciba altas comisiones por cada nuevo afiliado que inscriba en medblue y siga ganando cada mes por cada plan que permanezca activo. <\/p><p><strong>Capacidad de ayudar a m\u00e1s personas<\/strong><\/p><p>Medblue le ayuda a ampliar su cartera de opciones para ofrecer a los clientes adecuados una alternativa fiable, de bajo coste e inmediata que aporta un valor real, garantiz\u00e1ndoles el acceso a los servicios m\u00e9dicos y odontol\u00f3gicos que necesitan a precios reducidos.<\/p>\t\t\t\t\t\t\t\t<\/div>\n\t\t\t\t<\/div>\n\t\t\t\t<\/div>\n\t\t\t\t\t<\/div>\n\t\t\t\t<\/div>\n\t\t<div class=\"elementor-element elementor-element-6aaf913 e-grid e-con-boxed e-con e-parent\" data-id=\"6aaf913\" data-element_type=\"container\" data-e-type=\"container\">\n\t\t\t\t\t<div class=\"e-con-inner\">\n\t\t<div class=\"elementor-element elementor-element-3cd0234 e-con-full e-flex e-con e-child\" data-id=\"3cd0234\" data-element_type=\"container\" data-e-type=\"container\">\n\t\t\t\t<div class=\"elementor-element elementor-element-bb84a84 elementor-widget elementor-widget-image\" data-id=\"bb84a84\" data-element_type=\"widget\" data-e-type=\"widget\" data-widget_type=\"image.default\">\n\t\t\t\t<div class=\"elementor-widget-container\">\n\t\t\t\t\t\t\t\t\t\t\t\t\t\t\t<img decoding=\"async\" width=\"512\" height=\"512\" src=\"https:\/\/medblue.com\/wp-content\/uploads\/2024\/09\/computer-medblue-broker-form.png\" class=\"attachment-full size-full wp-image-1994\" alt=\"Oportunidades para los agentes sanitarios\" srcset=\"https:\/\/medblue.com\/wp-content\/uploads\/2024\/09\/computer-medblue-broker-form.png 512w, https:\/\/medblue.com\/wp-content\/uploads\/2024\/09\/computer-medblue-broker-form-300x300.png 300w, https:\/\/medblue.com\/wp-content\/uploads\/2024\/09\/computer-medblue-broker-form-150x150.png 150w\" sizes=\"(max-width: 512px) 100vw, 512px\" \/>\t\t\t\t\t\t\t\t\t\t\t\t\t\t\t<\/div>\n\t\t\t\t<\/div>\n\t\t\t\t<div class=\"elementor-element elementor-element-1168504 elementor-widget elementor-widget-icon-box\" data-id=\"1168504\" data-element_type=\"widget\" data-e-type=\"widget\" data-widget_type=\"icon-box.default\">\n\t\t\t\t<div class=\"elementor-widget-container\">\n\t\t\t\t\t\t\t<div class=\"elementor-icon-box-wrapper\">\n\n\t\t\t\n\t\t\t\t\t\t<div class=\"elementor-icon-box-content\">\n\n\t\t\t\t\t\t\t\t\t<h2 class=\"elementor-icon-box-title\">\n\t\t\t\t\t\t<span  >\n\t\t\t\t\t\t\tPlataforma f\u00e1cil de usar\t\t\t\t\t\t<\/span>\n\t\t\t\t\t<\/h2>\n\t\t\t\t\n\t\t\t\t\t\t\t\t\t<p class=\"elementor-icon-box-description\">\n\t\t\t\t\t\tLleva un registro de los clientes que has inscrito, su mes de inscripci\u00f3n, las comisiones del mes hasta la fecha, las comisiones pendientes y el total de comisiones ganadas, etc. \t\t\t\t\t<\/p>\n\t\t\t\t\n\t\t\t<\/div>\n\t\t\t\n\t\t<\/div>\n\t\t\t\t\t\t<\/div>\n\t\t\t\t<\/div>\n\t\t\t\t<\/div>\n\t\t<div class=\"elementor-element elementor-element-39f5524 e-con-full e-flex e-con e-child\" data-id=\"39f5524\" data-element_type=\"container\" data-e-type=\"container\">\n\t\t\t\t<div class=\"elementor-element elementor-element-3d68e63 elementor-widget elementor-widget-image\" data-id=\"3d68e63\" data-element_type=\"widget\" data-e-type=\"widget\" data-widget_type=\"image.default\">\n\t\t\t\t<div class=\"elementor-widget-container\">\n\t\t\t\t\t\t\t\t\t\t\t\t\t\t\t<img decoding=\"async\" width=\"512\" height=\"512\" src=\"https:\/\/medblue.com\/wp-content\/uploads\/2024\/09\/support-medblue-broker-form.png\" class=\"attachment-full size-full wp-image-1995\" alt=\"\" srcset=\"https:\/\/medblue.com\/wp-content\/uploads\/2024\/09\/support-medblue-broker-form.png 512w, https:\/\/medblue.com\/wp-content\/uploads\/2024\/09\/support-medblue-broker-form-300x300.png 300w, https:\/\/medblue.com\/wp-content\/uploads\/2024\/09\/support-medblue-broker-form-150x150.png 150w\" sizes=\"(max-width: 512px) 100vw, 512px\" \/>\t\t\t\t\t\t\t\t\t\t\t\t\t\t\t<\/div>\n\t\t\t\t<\/div>\n\t\t\t\t<div class=\"elementor-element elementor-element-9a40eb3 elementor-widget elementor-widget-icon-box\" data-id=\"9a40eb3\" data-element_type=\"widget\" data-e-type=\"widget\" data-widget_type=\"icon-box.default\">\n\t\t\t\t<div class=\"elementor-widget-container\">\n\t\t\t\t\t\t\t<div class=\"elementor-icon-box-wrapper\">\n\n\t\t\t\n\t\t\t\t\t\t<div class=\"elementor-icon-box-content\">\n\n\t\t\t\t\t\t\t\t\t<h2 class=\"elementor-icon-box-title\">\n\t\t\t\t\t\t<span  >\n\t\t\t\t\t\t\tFormaci\u00f3n completa\t\t\t\t\t\t<\/span>\n\t\t\t\t\t<\/h2>\n\t\t\t\t\n\t\t\t\t\t\t\t\t\t<p class=\"elementor-icon-box-description\">\n\t\t\t\t\t\tUna vez aprobado, se te proporcionar\u00e1 material de marketing y formaci\u00f3n, tanto en l\u00ednea como en persona.\t\t\t\t\t<\/p>\n\t\t\t\t\n\t\t\t<\/div>\n\t\t\t\n\t\t<\/div>\n\t\t\t\t\t\t<\/div>\n\t\t\t\t<\/div>\n\t\t\t\t<\/div>\n\t\t<div class=\"elementor-element elementor-element-5b96bfb e-con-full e-flex e-con e-child\" data-id=\"5b96bfb\" data-element_type=\"container\" data-e-type=\"container\">\n\t\t\t\t<div class=\"elementor-element elementor-element-197a001 elementor-widget elementor-widget-image\" data-id=\"197a001\" data-element_type=\"widget\" data-e-type=\"widget\" data-widget_type=\"image.default\">\n\t\t\t\t<div class=\"elementor-widget-container\">\n\t\t\t\t\t\t\t\t\t\t\t\t\t\t\t<img loading=\"lazy\" decoding=\"async\" width=\"512\" height=\"512\" src=\"https:\/\/medblue.com\/wp-content\/uploads\/2024\/09\/cumplimiento-medblue-form-broker.png\" class=\"attachment-full size-full wp-image-1996\" alt=\"\" srcset=\"https:\/\/medblue.com\/wp-content\/uploads\/2024\/09\/cumplimiento-medblue-form-broker.png 512w, https:\/\/medblue.com\/wp-content\/uploads\/2024\/09\/cumplimiento-medblue-form-broker-300x300.png 300w, https:\/\/medblue.com\/wp-content\/uploads\/2024\/09\/cumplimiento-medblue-form-broker-150x150.png 150w\" sizes=\"(max-width: 512px) 100vw, 512px\" \/>\t\t\t\t\t\t\t\t\t\t\t\t\t\t\t<\/div>\n\t\t\t\t<\/div>\n\t\t\t\t<div class=\"elementor-element elementor-element-26cd72c elementor-widget elementor-widget-icon-box\" data-id=\"26cd72c\" data-element_type=\"widget\" data-e-type=\"widget\" data-widget_type=\"icon-box.default\">\n\t\t\t\t<div class=\"elementor-widget-container\">\n\t\t\t\t\t\t\t<div class=\"elementor-icon-box-wrapper\">\n\n\t\t\t\n\t\t\t\t\t\t<div class=\"elementor-icon-box-content\">\n\n\t\t\t\t\t\t\t\t\t<h2 class=\"elementor-icon-box-title\">\n\t\t\t\t\t\t<span  >\n\t\t\t\t\t\t\tConformidad total\t\t\t\t\t\t<\/span>\n\t\t\t\t\t<\/h2>\n\t\t\t\t\n\t\t\t\t\t\t\t\t\t<p class=\"elementor-icon-box-description\">\n\t\t\t\t\t\tEstamos en total conformidad y totalmente autorizados y regulados por la Oficina de Regulaci\u00f3n de Seguros de Florida. \n\t\t\t\t\t<\/p>\n\t\t\t\t\n\t\t\t<\/div>\n\t\t\t\n\t\t<\/div>\n\t\t\t\t\t\t<\/div>\n\t\t\t\t<\/div>\n\t\t\t\t<\/div>\n\t\t\t\t\t<\/div>\n\t\t\t\t<\/div>\n\t\t<div class=\"elementor-element elementor-element-9f16bc7 e-flex e-con-boxed e-con e-parent\" data-id=\"9f16bc7\" data-element_type=\"container\" data-e-type=\"container\">\n\t\t\t\t\t<div class=\"e-con-inner\">\n\t\t\t\t<div class=\"elementor-element elementor-element-1b4ef9b elementor-widget elementor-widget-heading\" data-id=\"1b4ef9b\" data-element_type=\"widget\" data-e-type=\"widget\" data-widget_type=\"heading.default\">\n\t\t\t\t<div class=\"elementor-widget-container\">\n\t\t\t\t\t<h2 class=\"elementor-heading-title elementor-size-default\">\u00a1Comienza hoy mismo tu viaje con Medblue!\n<\/h2>\t\t\t\t<\/div>\n\t\t\t\t<\/div>\n\t\t\t\t<div class=\"elementor-element elementor-element-c9b1768 elementor-align-center elementor-mobile-align-center elementor-widget elementor-widget-button\" data-id=\"c9b1768\" data-element_type=\"widget\" data-e-type=\"widget\" data-widget_type=\"button.default\">\n\t\t\t\t<div class=\"elementor-widget-container\">\n\t\t\t\t\t\t\t\t\t<div class=\"elementor-button-wrapper\">\n\t\t\t\t\t<a class=\"elementor-button elementor-button-link elementor-size-sm\" href=\"#formbroker\">\n\t\t\t\t\t\t<span class=\"elementor-button-content-wrapper\">\n\t\t\t\t\t\t\t\t\t<span class=\"elementor-button-text\">Convi\u00e9rtete en agente de Medblue<\/span>\n\t\t\t\t\t<\/span>\n\t\t\t\t\t<\/a>\n\t\t\t\t<\/div>\n\t\t\t\t\t\t\t\t<\/div>\n\t\t\t\t<\/div>\n\t\t\t\t\t<\/div>\n\t\t\t\t<\/div>\n\t\t\t\t<\/div>","protected":false},"excerpt":{"rendered":"<p>Why Become A Medblue Agent? Retain More Clients We accept everyone, no matter their age, financial status, relationship, gender, or [&hellip;]<\/p>\n","protected":false},"author":17,"featured_media":0,"parent":0,"menu_order":0,"comment_status":"closed","ping_status":"closed","template":"","meta":{"inline_featured_image":false,"site-sidebar-layout":"no-sidebar","site-content-layout":"","ast-site-content-layout":"full-width-container","site-content-style":"default","site-sidebar-style":"default","ast-global-header-display":"","ast-banner-title-visibility":"","ast-main-header-display":"","ast-hfb-above-header-display":"","ast-hfb-below-header-display":"","ast-hfb-mobile-header-display":"","site-post-title":"disabled","ast-breadcrumbs-content":"","ast-featured-img":"disabled","footer-sml-layout":"","ast-disable-related-posts":"","theme-transparent-header-meta":"default","adv-header-id-meta":"","stick-header-meta":"","header-above-stick-meta":"","header-main-stick-meta":"","header-below-stick-meta":"","astra-migrate-meta-layouts":"set","ast-page-background-enabled":"default","ast-page-background-meta":{"desktop":{"background-color":"var(--ast-global-color-4)","background-image":"","background-repeat":"repeat","background-position":"center center","background-size":"auto","background-attachment":"scroll","background-type":"","background-media":"","overlay-type":"","overlay-color":"","overlay-opacity":"","overlay-gradient":""},"tablet":{"background-color":"","background-image":"","background-repeat":"repeat","background-position":"center center","background-size":"auto","background-attachment":"scroll","background-type":"","background-media":"","overlay-type":"","overlay-color":"","overlay-opacity":"","overlay-gradient":""},"mobile":{"background-color":"","background-image":"","background-repeat":"repeat","background-position":"center center","background-size":"auto","background-attachment":"scroll","background-type":"","background-media":"","overlay-type":"","overlay-color":"","overlay-opacity":"","overlay-gradient":""}},"ast-content-background-meta":{"desktop":{"background-color":"var(--ast-global-color-5)","background-image":"","background-repeat":"repeat","background-position":"center center","background-size":"auto","background-attachment":"scroll","background-type":"","background-media":"","overlay-type":"","overlay-color":"","overlay-opacity":"","overlay-gradient":""},"tablet":{"background-color":"var(--ast-global-color-5)","background-image":"","background-repeat":"repeat","background-position":"center center","background-size":"auto","background-attachment":"scroll","background-type":"","background-media":"","overlay-type":"","overlay-color":"","overlay-opacity":"","overlay-gradient":""},"mobile":{"background-color":"var(--ast-global-color-5)","background-image":"","background-repeat":"repeat","background-position":"center center","background-size":"auto","background-attachment":"scroll","background-type":"","background-media":"","overlay-type":"","overlay-color":"","overlay-opacity":"","overlay-gradient":""}},"footnotes":""},"class_list":["post-2089","page","type-page","status-publish","hentry"],"_links":{"self":[{"href":"https:\/\/medblue.com\/es\/wp-json\/wp\/v2\/pages\/2089","targetHints":{"allow":["GET"]}}],"collection":[{"href":"https:\/\/medblue.com\/es\/wp-json\/wp\/v2\/pages"}],"about":[{"href":"https:\/\/medblue.com\/es\/wp-json\/wp\/v2\/types\/page"}],"author":[{"embeddable":true,"href":"https:\/\/medblue.com\/es\/wp-json\/wp\/v2\/users\/17"}],"replies":[{"embeddable":true,"href":"https:\/\/medblue.com\/es\/wp-json\/wp\/v2\/comments?post=2089"}],"version-history":[{"count":0,"href":"https:\/\/medblue.com\/es\/wp-json\/wp\/v2\/pages\/2089\/revisions"}],"wp:attachment":[{"href":"https:\/\/medblue.com\/es\/wp-json\/wp\/v2\/media?parent=2089"}],"curies":[{"name":"wp","href":"https:\/\/api.w.org\/{rel}","templated":true}]}}